{"id":2906,"date":"2023-02-20T21:32:55","date_gmt":"2023-02-20T21:32:55","guid":{"rendered":"https:\/\/otsukacanada.com\/?page_id=2906"},"modified":"2025-11-28T17:57:38","modified_gmt":"2025-11-28T17:57:38","slug":"ocp-contact","status":"publish","type":"page","link":"https:\/\/otsukacanada.com\/fr\/ocp-contact\/","title":{"rendered":"OCP-contact"},"content":{"rendered":"<div class=\"et_pb_section_0 et_pb_section et_section_regular et_block_section\"><div class=\"et_pb_row_0 et_pb_row et_block_row\"><div class=\"et_pb_column_0 et_pb_column et_pb_column_1_3 et_block_column et_pb_css_mix_blend_mode_passthrough\"><div class=\"et_pb_text_0 et_pb_text et_pb_bg_layout_light et_pb_module et_flex_module\"><div class=\"et_pb_text_inner\"><h1>OCP<\/h1>\n<p><a href=\"mailto:OCPI-info@otsuka-ca.com\">OCPI-info@otsuka-ca.com<\/a><\/p>\n<p>514 332-3001 t\u00e9l\u00e9phone<br \/>888 997-9017 sans frais<br \/>514 332-3107 t\u00e9l\u00e9copieur<\/p>\n<p>2250, boulevard Alfred-Nobel, bureau 301<br \/>Saint-Laurent, Qu\u00e9bec<br \/>H4S 2C9<br \/>Canada<\/p>\n<\/div><\/div><\/div><div class=\"et_pb_column_1 et_pb_column et_pb_column_2_3 et-last-child et_block_column et_pb_column_empty et_pb_css_mix_blend_mode_passthrough\"><\/div><\/div><div class=\"et_pb_row_1 et_pb_row et_block_row\"><div class=\"et_pb_column_2 et_pb_column et_pb_column_4_4 et-last-child et_block_column et_pb_css_mix_blend_mode_passthrough\"><div class=\"et_pb_module et_pb_button_module_wrapper et_pb_button_0_wrapper\"><a class=\"et_pb_button_0 et_pb_button et_pb_bg_layout_dark et_pb_module et_flex_module\" href=\"https:\/\/otsukacanada.com\/fr\/ocp-med-info\/\">\u00c9v\u00e9nements ind\u00e9sirables, Information m\u00e9dicale ou plainte sur un produit <\/a><\/div><\/div><\/div><\/div><div class=\"et_pb_section_1 et_pb_section et_section_regular et_block_section\"><div class=\"et_pb_row_2 et_pb_row et_block_row\"><div class=\"et_pb_column_3 et_pb_column et_pb_column_4_4 et-last-child et_block_column et_pb_css_mix_blend_mode_passthrough\"><div class=\"et_pb_text_1 et_pb_text et_pb_bg_layout_light et_pb_module et_flex_module\"><div class=\"et_pb_text_inner\"><h2>Otsuka International<\/h2>\n<\/div><\/div><\/div><\/div><div class=\"et_pb_row_3 et_pb_row et_block_row\"><div class=\"et_pb_column_4 et_pb_column et_pb_column_1_3 et_block_column et_pb_css_mix_blend_mode_passthrough\"><div class=\"et_pb_text_2 et_pb_text et_pb_bg_layout_light et_pb_module et_flex_module\"><div class=\"et_pb_text_inner\"><p><strong>Otsuka America Pharmaceutical, Inc.<\/strong><br \/>\nRockville, MD 20850 USA<br \/>\nT\u00e9l\u00e9phone : 301 990-0030<br \/>\nNum\u00e9ro sans frais : 800 562-3974<br \/>\nT\u00e9l\u00e9copieur : 301 212-8647<\/p>\n<\/div><\/div><\/div><div class=\"et_pb_column_5 et_pb_column et_pb_column_1_3 et_block_column et_pb_css_mix_blend_mode_passthrough\"><div class=\"et_pb_text_3 et_pb_text et_pb_bg_layout_light et_pb_module et_flex_module\"><div class=\"et_pb_text_inner\"><p><strong>Otsuka Pharmaceutical Development and Commercialization, Inc.\u00a0<\/strong><br \/>\nPrinceton, NJ 08540<br \/>\nT\u00e9l\u00e9phone : 609 524-6788<br \/>\nNum\u00e9ro sans frais : 800 562-3974<br \/>\nT\u00e9l\u00e9copieur : 609 955-3368<\/p>\n<\/div><\/div><\/div><div class=\"et_pb_column_6 et_pb_column et_pb_column_1_3 et-last-child et_block_column et_pb_css_mix_blend_mode_passthrough\"><div class=\"et_pb_text_4 et_pb_text et_pb_bg_layout_light et_pb_module et_flex_module\"><div class=\"et_pb_text_inner\"><p><strong>Otsuka Pharmaceutical Co. Ltd.<br \/>\nSi\u00e8ge social<\/strong><br \/>\n2-9, Kanda Tsukasa-machi,<br \/>\nChiyoda-ku, Tokyo 101-8535<br \/>\nJapan<br \/>\nT\u00e9l\u00e9phone : +81-3-6717-1400<br \/>\nT\u00e9l\u00e9copieur : +81-3-6717-1499<\/p>\n<div class=\"contactMap\">\n<div class=\"map\"><\/div>\n<\/div>\n<\/div><\/div><\/div><\/div><\/div>","protected":false},"excerpt":{"rendered":"","protected":false},"author":5,"featured_media":0,"parent":0,"menu_order":0,"comment_status":"closed","ping_status":"closed","template":"page-template-blank.php","meta":{"_acf_changed":false,"footnotes":""},"class_list":["post-2906","page","type-page","status-publish","hentry"],"acf":[],"_links":{"self":[{"href":"https:\/\/otsukacanada.com\/fr\/wp-json\/wp\/v2\/pages\/2906","targetHints":{"allow":["GET"]}}],"collection":[{"href":"https:\/\/otsukacanada.com\/fr\/wp-json\/wp\/v2\/pages"}],"about":[{"href":"https:\/\/otsukacanada.com\/fr\/wp-json\/wp\/v2\/types\/page"}],"author":[{"embeddable":true,"href":"https:\/\/otsukacanada.com\/fr\/wp-json\/wp\/v2\/users\/5"}],"replies":[{"embeddable":true,"href":"https:\/\/otsukacanada.com\/fr\/wp-json\/wp\/v2\/comments?post=2906"}],"version-history":[{"count":9,"href":"https:\/\/otsukacanada.com\/fr\/wp-json\/wp\/v2\/pages\/2906\/revisions"}],"predecessor-version":[{"id":3561,"href":"https:\/\/otsukacanada.com\/fr\/wp-json\/wp\/v2\/pages\/2906\/revisions\/3561"}],"wp:attachment":[{"href":"https:\/\/otsukacanada.com\/fr\/wp-json\/wp\/v2\/media?parent=2906"}],"curies":[{"name":"wp","href":"https:\/\/api.w.org\/{rel}","templated":true}]}}