{"id":2911,"date":"2023-02-20T21:36:38","date_gmt":"2023-02-20T21:36:38","guid":{"rendered":"https:\/\/otsukacanada.com\/?page_id=2911"},"modified":"2025-11-28T17:57:38","modified_gmt":"2025-11-28T17:57:38","slug":"ocp-med-info","status":"publish","type":"page","link":"https:\/\/otsukacanada.com\/fr\/ocp-med-info\/","title":{"rendered":"OCP Med Info"},"content":{"rendered":"<div class=\"et_pb_section_0 et_pb_section et_pb_fullwidth_section et_section_regular et_block_section\"><section class=\"et_pb_fullwidth_header_0 et_pb_fullwidth_header et_pb_bg_layout_dark et_pb_text_align_left et_pb_module et_flex_module\"><div class=\"et_pb_fullwidth_header_container left\"><div class=\"header-content-container center\"><div class=\"header-content et_flex_module\"><div class=\"et_pb_header_button_wrapper\"><\/div><\/div><\/div><\/div><div class=\"et_pb_fullwidth_header_overlay\"><\/div><div class=\"et_pb_fullwidth_header_scroll\"><\/div><\/section><\/div><div class=\"et_pb_section_1 et_pb_section et_section_regular et_block_section\"><div class=\"et_pb_row_0 et_pb_row et_block_row\"><div class=\"et_pb_column_0 et_pb_column et_pb_column_1_3 et_block_column et_pb_css_mix_blend_mode_passthrough\"><div class=\"et_pb_text_0 et_pb_text et_pb_bg_layout_light et_pb_module et_flex_module\"><div class=\"et_pb_text_inner\"><h1><em>Au nom d\u2019Otsuka, merci de l\u2019int\u00e9r\u00eat dont vous faites preuve en communiquant avec nous.<\/em><\/h1>\n<p><strong>\u00a0<\/strong><\/p>\n<\/div><\/div><\/div><div class=\"et_pb_column_1 et_pb_column et_pb_column_2_3 et-last-child et_block_column et_pb_css_mix_blend_mode_passthrough\"><div class=\"et_pb_text_1 et_pb_text et_pb_bg_layout_light et_pb_module et_flex_module\"><div class=\"et_pb_text_inner\"><p><b><span>T\u00e9l\u00e9phone: 1\u00a0877\u00a0341-9245<\/span><\/b><o:p><\/o:p><\/p>\n<p><b><span>T\u00e9l\u00e9copieur:\u00a01\u00a0844\u00a0268-9110<\/span><\/b><\/p>\n<p>Si aucun sp\u00e9cialiste de l\u2019Information m\u00e9dicale n\u2019est disponible au moment de votre appel, veuillez nous laisser un message, et nous vous rappellerons avec plaisir.<\/p>\n<p>Vous pouvez \u00e9galement nous joindre par courriel.<\/p>\n<\/div><\/div><div class=\"et_pb_text_2 et_pb_text et_pb_bg_layout_light et_pb_module et_flex_module\"><div class=\"et_pb_text_inner\"><p><b>Rapporter : \u00c9v\u00e9nements ind\u00e9sirables et plaintes reli\u00e9es \u00e0 la qualit\u00e9 d\u2019un produit<\/b><\/p>\n<\/div><\/div><div class=\"et_pb_module et_pb_button_module_wrapper et_pb_button_0_wrapper\"><a class=\"et_pb_button_0 et_pb_button et_pb_bg_layout_dark et_pb_module et_flex_module\" href=\"mailto:OCPI-AdverseEvents@otsuka-ca.com\">OCPI-AdverseEvents@otsuka-ca.com<\/a><\/div><div class=\"et_pb_text_3 et_pb_text et_pb_bg_layout_light et_pb_module et_flex_module\"><div class=\"et_pb_text_inner\"><p><b><span lang=\"FR-CA\">Demandes d\u2019information m\u00e9dicale\u00a0<\/span><\/b><span lang=\"FR-CA\">:<\/span><\/p>\n<\/div><\/div><div class=\"et_pb_module et_pb_button_module_wrapper et_pb_button_1_wrapper\"><a class=\"et_pb_button_1 et_pb_button et_pb_bg_layout_dark et_pb_module et_flex_module\" href=\"mailto:OCPI-medInfo@otsuka-ca.com\">OCPI-medInfo@otsuka-ca.com<\/a><\/div><\/div><\/div><\/div><div class=\"et_pb_section_2 et_pb_section et_section_regular et_block_section\"><div class=\"et_pb_row_1 et_pb_row et_block_row\"><div class=\"et_pb_column_2 et_pb_column et_pb_column_1_2 et_block_column et_pb_css_mix_blend_mode_passthrough\"><div class=\"et_pb_text_4 et_pb_text et_pb_bg_layout_light et_pb_module et_flex_module\"><div class=\"et_pb_text_inner\"><h2>Patients et consommateurs<\/h2>\n<p>Si vous \u00eates un patient ou un consommateur, nous vous invitons \u00e0 consulter votre professionnel de la sant\u00e9 afin d\u2019obtenir de l\u2019information sur nos produits et des r\u00e9ponses \u00e0 vos questions d\u2019ordre m\u00e9dical ou concernant votre sant\u00e9. Votre professionnel de la sant\u00e9 (m\u00e9decin, pharmacien, infirmi\u00e8re, etc.) est la personne la mieux plac\u00e9e pour vous donner des r\u00e9ponses, car celles-ci peuvent varier en fonction de votre \u00e9tat de sant\u00e9 et de vos ant\u00e9c\u00e9dents m\u00e9dicaux.<\/p>\n<p>Pour d\u00e9clarer un \u00e9v\u00e9nement ind\u00e9sirable, d\u00e9poser une plainte concernant la qualit\u00e9 d\u2019un produit ou transmettre vos commentaires sur les produits d\u2019Otsuka Canada Pharmaceutique, veuillez communiquer directement avec le service Information m\u00e9dicale et Pharmacovigilance.<\/p>\n<\/div><\/div><\/div><div class=\"et_pb_column_3 et_pb_column et_pb_column_1_2 et-last-child et_block_column et_pb_css_mix_blend_mode_passthrough\"><div class=\"et_pb_text_5 et_pb_text et_pb_bg_layout_light et_pb_module et_flex_module\"><div class=\"et_pb_text_inner\"><h2>Professionnels de la sant\u00e9<\/h2>\n<p>Si vous \u00eates un professionnel de la sant\u00e9 et souhaitez obtenir de plus amples renseignements sur nos produits, d\u00e9clarer un \u00e9v\u00e9nement ind\u00e9sirable, d\u00e9poser une plainte concernant la qualit\u00e9 d\u2019un produit ou transmettre vos commentaires sur les produits d\u2019Otsuka Canada Pharmaceutique, veuillez communiquer directement avec le service Information m\u00e9dicale et Pharmacovigilance.<\/p>\n<\/div><\/div><\/div><\/div><\/div>","protected":false},"excerpt":{"rendered":"","protected":false},"author":5,"featured_media":0,"parent":0,"menu_order":0,"comment_status":"closed","ping_status":"closed","template":"page-template-blank.php","meta":{"_acf_changed":false,"footnotes":""},"class_list":["post-2911","page","type-page","status-publish","hentry"],"acf":[],"_links":{"self":[{"href":"https:\/\/otsukacanada.com\/fr\/wp-json\/wp\/v2\/pages\/2911","targetHints":{"allow":["GET"]}}],"collection":[{"href":"https:\/\/otsukacanada.com\/fr\/wp-json\/wp\/v2\/pages"}],"about":[{"href":"https:\/\/otsukacanada.com\/fr\/wp-json\/wp\/v2\/types\/page"}],"author":[{"embeddable":true,"href":"https:\/\/otsukacanada.com\/fr\/wp-json\/wp\/v2\/users\/5"}],"replies":[{"embeddable":true,"href":"https:\/\/otsukacanada.com\/fr\/wp-json\/wp\/v2\/comments?post=2911"}],"version-history":[{"count":8,"href":"https:\/\/otsukacanada.com\/fr\/wp-json\/wp\/v2\/pages\/2911\/revisions"}],"predecessor-version":[{"id":3562,"href":"https:\/\/otsukacanada.com\/fr\/wp-json\/wp\/v2\/pages\/2911\/revisions\/3562"}],"wp:attachment":[{"href":"https:\/\/otsukacanada.com\/fr\/wp-json\/wp\/v2\/media?parent=2911"}],"curies":[{"name":"wp","href":"https:\/\/api.w.org\/{rel}","templated":true}]}}