{"id":3234,"date":"2024-05-22T20:00:29","date_gmt":"2024-05-22T20:00:29","guid":{"rendered":"https:\/\/otsukacanada.com\/rapports-travail-force-enfants\/"},"modified":"2025-11-28T17:57:39","modified_gmt":"2025-11-28T17:57:39","slug":"rapports_travail_force_enfants","status":"publish","type":"page","link":"https:\/\/otsukacanada.com\/fr\/rapports_travail_force_enfants\/","title":{"rendered":"Rapports travail force enfants"},"content":{"rendered":"<div class=\"et_pb_section_0 et_pb_section et_pb_fullwidth_section et_section_regular et_block_section\"><section class=\"et_pb_fullwidth_header_0 et_pb_fullwidth_header et_pb_bg_layout_dark et_pb_text_align_left et_pb_module et_flex_module\"><div class=\"et_pb_fullwidth_header_container left\"><div class=\"header-content-container center\"><div class=\"header-content et_flex_module\"><h1 class=\"et_pb_module_header\">Rapports sur la lutte contre le travail forc\u00e9 et le travail des enfants (esclavage moderne)<\/h1><div class=\"et_pb_header_button_wrapper\"><\/div><\/div><\/div><\/div><div class=\"et_pb_fullwidth_header_overlay\"><\/div><div class=\"et_pb_fullwidth_header_scroll\"><\/div><\/section><\/div><div class=\"et_pb_section_1 et_pb_section et_section_regular et_block_section\"><div class=\"et_pb_row_0 et_pb_row et_block_row\"><div class=\"et_pb_column_0 et_pb_column et_pb_column_4_4 et-last-child et_block_column et_pb_css_mix_blend_mode_passthrough\"><div class=\"et_pb_text_0 et_pb_text et_pb_bg_layout_light et_pb_module et_flex_module\"><div class=\"et_pb_text_inner\"><p><a href=\"\/documents\/OCPI_2023_Report%20_Fighting_Against_Forced_Child_Labour_Act_Canada_FR.pdf\" target=\"_blank\" rel=\"noopener\"><u><span lang=\"FR-CA\">Cliquez ici<\/span><\/u><\/a><span lang=\"FR-CA\"> pour acc\u00e9der au dernier rapport publi\u00e9 par Otsuka Canada Pharmaceutique en vertu de la<i> Loi sur la lutte contre le travail forc\u00e9 et le travail des enfants dans les cha\u00eenes d'approvisionnement <\/i>du Canada.<\/span><\/p>\n<\/div><\/div><\/div><\/div><\/div><div class=\"et_pb_section_2 et_pb_section et_section_regular et_block_section\" id=\"custom-foot\"><div class=\"et_pb_row_1 et_pb_row et_block_row\"><div class=\"et_pb_column_1 et_pb_column et_pb_column_4_4 et-last-child et_block_column et_pb_css_mix_blend_mode_passthrough\"><div class=\"et_pb_text_1 et_pb_text et_pb_bg_layout_light et_pb_module et_block_module\"><\/div><\/div><\/div><\/div>","protected":false},"excerpt":{"rendered":"","protected":false},"author":5,"featured_media":0,"parent":0,"menu_order":0,"comment_status":"closed","ping_status":"closed","template":"","meta":{"_acf_changed":false,"footnotes":""},"class_list":["post-3234","page","type-page","status-publish","hentry"],"acf":[],"_links":{"self":[{"href":"https:\/\/otsukacanada.com\/fr\/wp-json\/wp\/v2\/pages\/3234","targetHints":{"allow":["GET"]}}],"collection":[{"href":"https:\/\/otsukacanada.com\/fr\/wp-json\/wp\/v2\/pages"}],"about":[{"href":"https:\/\/otsukacanada.com\/fr\/wp-json\/wp\/v2\/types\/page"}],"author":[{"embeddable":true,"href":"https:\/\/otsukacanada.com\/fr\/wp-json\/wp\/v2\/users\/5"}],"replies":[{"embeddable":true,"href":"https:\/\/otsukacanada.com\/fr\/wp-json\/wp\/v2\/comments?post=3234"}],"version-history":[{"count":8,"href":"https:\/\/otsukacanada.com\/fr\/wp-json\/wp\/v2\/pages\/3234\/revisions"}],"predecessor-version":[{"id":3566,"href":"https:\/\/otsukacanada.com\/fr\/wp-json\/wp\/v2\/pages\/3234\/revisions\/3566"}],"wp:attachment":[{"href":"https:\/\/otsukacanada.com\/fr\/wp-json\/wp\/v2\/media?parent=3234"}],"curies":[{"name":"wp","href":"https:\/\/api.w.org\/{rel}","templated":true}]}}