{"id":350,"date":"2018-09-12T19:43:33","date_gmt":"2018-09-12T19:43:33","guid":{"rendered":"http:\/\/otsukacanada.com\/?page_id=350"},"modified":"2026-02-03T19:34:29","modified_gmt":"2026-02-03T19:34:29","slug":"tous-les-postes","status":"publish","type":"page","link":"https:\/\/otsukacanada.com\/fr\/tous-les-postes\/","title":{"rendered":"Tous les postes"},"content":{"rendered":"<div class=\"et_pb_section_0 et_pb_section et_section_regular et_block_section\">\n<div class=\"et_pb_row_0 et_pb_row et_block_row\">\n<div class=\"et_pb_column_0 et_pb_column et_pb_column_4_4 et-last-child et_block_column et_pb_css_mix_blend_mode_passthrough\">\n<div class=\"et_pb_code_0 et_pb_code et_pb_module et_pb_text_4\"><div class=\"et_pb_code_inner\"><div style=\"margin-bottom: 30px;\"><h2><a href=\"https:\/\/otsukacanada.com\/fr\/career\/responsable-des-grands-comptes-nephrologie\/\">Responsable des grands comptes, N\u00e9phrologie<\/a><\/h2><h5><b>Statut:<\/b> Poste permanent<\/h5><h5><b>Location:<\/b> L\u2019Est du Qu\u00e9bec et Nouveau-Brunswick<\/h5><a href=\"https:\/\/otsukacanada.com\/fr\/career\/responsable-des-grands-comptes-nephrologie\/\">voir les d\u00e9tails<\/a><\/div><div style=\"margin-bottom: 30px;\"><h2><a href=\"https:\/\/otsukacanada.com\/fr\/career\/representant-des-ventes-specialise-en-neurosciences-rexulti\/\">Repr\u00e9sentant des ventes sp\u00e9cialis\u00e9 en Neurosciences, Rexulti<\/a><\/h2><h5><b>Statut:<\/b> Poste permanent<\/h5><h5><b>Location:<\/b> Laval\/Laurentides\/Lanaudi\u00e8re<\/h5><a href=\"https:\/\/otsukacanada.com\/fr\/career\/representant-des-ventes-specialise-en-neurosciences-rexulti\/\">voir les d\u00e9tails<\/a><\/div><div style=\"margin-bottom: 30px;\"><h2><a href=\"https:\/\/otsukacanada.com\/fr\/career\/chef-acces-aux-marches-payeurs-prives\/\">Chef, Acc\u00e8s aux march\u00e9s \u2013 Payeurs priv\u00e9s<\/a><\/h2><h5><b>Statut:<\/b> Poste permanent<\/h5><h5><b>Location:<\/b> Sur le terrain, en relation clients<\/h5><a href=\"https:\/\/otsukacanada.com\/fr\/career\/chef-acces-aux-marches-payeurs-prives\/\">voir les d\u00e9tails<\/a><\/div><\/div><\/div>\n<\/div>\n<\/div>\n<\/div>","protected":false},"excerpt":{"rendered":"","protected":false},"author":5,"featured_media":0,"parent":0,"menu_order":0,"comment_status":"closed","ping_status":"closed","template":"","meta":{"_acf_changed":false,"footnotes":""},"class_list":["post-350","page","type-page","status-publish","hentry"],"acf":[],"_links":{"self":[{"href":"https:\/\/otsukacanada.com\/fr\/wp-json\/wp\/v2\/pages\/350","targetHints":{"allow":["GET"]}}],"collection":[{"href":"https:\/\/otsukacanada.com\/fr\/wp-json\/wp\/v2\/pages"}],"about":[{"href":"https:\/\/otsukacanada.com\/fr\/wp-json\/wp\/v2\/types\/page"}],"author":[{"embeddable":true,"href":"https:\/\/otsukacanada.com\/fr\/wp-json\/wp\/v2\/users\/5"}],"replies":[{"embeddable":true,"href":"https:\/\/otsukacanada.com\/fr\/wp-json\/wp\/v2\/comments?post=350"}],"version-history":[{"count":11,"href":"https:\/\/otsukacanada.com\/fr\/wp-json\/wp\/v2\/pages\/350\/revisions"}],"predecessor-version":[{"id":4243,"href":"https:\/\/otsukacanada.com\/fr\/wp-json\/wp\/v2\/pages\/350\/revisions\/4243"}],"wp:attachment":[{"href":"https:\/\/otsukacanada.com\/fr\/wp-json\/wp\/v2\/media?parent=350"}],"curies":[{"name":"wp","href":"https:\/\/api.w.org\/{rel}","templated":true}]}}