{"id":747,"date":"2018-09-22T14:36:58","date_gmt":"2018-09-22T14:36:58","guid":{"rendered":"http:\/\/otsukacanada.com\/?page_id=747"},"modified":"2026-02-03T19:28:21","modified_gmt":"2026-02-03T19:28:21","slug":"a-propos-docp","status":"publish","type":"page","link":"https:\/\/otsukacanada.com\/fr\/a-propos-docp\/","title":{"rendered":"\u00c0 propos d\u2019OCP"},"content":{"rendered":"<div class=\"et_pb_section_0 et_pb_section et_pb_fullwidth_section et_section_regular et_block_section\">\n<section class=\"et_pb_fullwidth_header_0 et_pb_fullwidth_header et_pb_bg_layout_dark et_pb_text_align_left et_pb_module et_flex_module\"><div class=\"et_pb_fullwidth_header_container left\"><div class=\"header-content-container center\"><div class=\"header-content et_flex_module\"><h1 class=\"et_pb_module_header\">\u00c0 propos d\u2019OCP<\/h1><div class=\"et_pb_header_button_wrapper\"><\/div><\/div><\/div><\/div><div class=\"et_pb_fullwidth_header_overlay\"><\/div><div class=\"et_pb_fullwidth_header_scroll\"><\/div><\/section>\n<\/div>\n\n<div class=\"et_pb_section_1 et_pb_section et_section_regular et_block_section\">\n<div class=\"et_pb_row_0 et_pb_row et_block_row\">\n<div class=\"et_pb_column_0 et_pb_column et_pb_column_1_3 et_block_column et_pb_css_mix_blend_mode_passthrough\">\n<div class=\"et_pb_text_0 et_pb_text et_pb_bg_layout_light et_pb_module et_block_module\"><div class=\"et_pb_text_inner\"><h1>La mani\u00e8re d\u2019Otsuka<\/h1>\n<h3>OCP s\u2019est engag\u00e9e \u00e0 am\u00e9liorer la sant\u00e9 et la qualit\u00e9 de vie humaine.<\/h3>\n<\/div><\/div>\n<\/div>\n\n<div class=\"et_pb_column_1 et_pb_column et_pb_column_2_3 et-last-child et_block_column et_pb_css_mix_blend_mode_passthrough\">\n<div class=\"et_pb_image_0 et_pb_image et_pb_image_sticky et_pb_module et_block_module\"><span class=\"et_pb_image_wrap\"><img loading=\"lazy\" decoding=\"async\" src=\"https:\/\/otsukacanada.com\/wp-content\/uploads\/2018\/08\/lobby.png\" width=\"1000\" height=\"667\" srcset=\"https:\/\/otsukacanada.com\/wp-content\/uploads\/2018\/08\/lobby.png 1000w, https:\/\/otsukacanada.com\/wp-content\/uploads\/2018\/08\/lobby-300x200.png 300w, https:\/\/otsukacanada.com\/wp-content\/uploads\/2018\/08\/lobby-768x512.png 768w\" sizes=\"(max-width: 1000px) 100vw, 1000px\" class=\"wp-image-71\" \/><\/span><\/div>\n<\/div>\n<\/div>\n<\/div>\n\n<div class=\"et_pb_section_2 et_pb_section et_section_regular et_block_section\">\n<div class=\"et_pb_row_1 et_pb_row et_block_row\">\n<div class=\"et_pb_column_2 et_pb_column et_pb_column_4_4 et-last-child et_block_column et_pb_css_mix_blend_mode_passthrough\">\n<div class=\"et_pb_text_1 et_pb_text et_pb_bg_layout_light et_pb_module et_block_module\"><div class=\"et_pb_text_inner\"><h2>Penser, agir et se comporter<br \/>comme une soci\u00e9t\u00e9 de pionniers<\/h2>\n<p>Otsuka Pharmaceutical Co., Ltd. est une entreprise de soins de sant\u00e9 multinationale dont la philosophie est la suivante :\u00a0<em>Chez Otsuka, nous d\u00e9veloppons de nouveaux produits pour une meilleure sant\u00e9 dans le monde.<\/em>\u00a0Otsuka recherche, d\u00e9veloppe, fabrique et commercialise des produits innovants et originaux, particuli\u00e8rement des produits pharmaceutiques pour le traitement de maladies, et des produits nutraceutiques pour le maintien d\u2019une bonne sant\u00e9 au quotidien.<\/p>\n<p>Dans l\u2019industrie pharmaceutique, Otsuka est un chef de file en sant\u00e9 mentale, un domaine des plus exigeants; elle poursuit \u00e9galement des programmes de recherche sur plusieurs maladies n\u00e9glig\u00e9es, dont la tuberculose, un probl\u00e8me de sant\u00e9 publique important \u00e0 l\u2019\u00e9chelle mondiale. Ces engagements illustrent bien davantage que des mots qu\u2019Otsuka est d\u2019abord et avant tout une soci\u00e9t\u00e9 d'alliances qui d\u00e9montre un esprit de cr\u00e9ativit\u00e9 dans tout ce qu\u2019elle entreprend.<\/p>\n<p>Otsuka Pharmaceutical Co., Ltd. est une filiale en propri\u00e9t\u00e9 exclusive d\u2019Otsuka Holdings Co., Ltd., une soci\u00e9t\u00e9 de portefeuille du Groupe Otsuka. Le pr\u00e9sident\u00a0Ichiro Otsuka fait partie de la quatri\u00e8me\u00a0g\u00e9n\u00e9ration des membres de la famille Otsuka qui dirigent l\u2019entreprise fond\u00e9e en 1921. Le Groupe Otsuka emploie environ 42 000 personnes dans le monde; ses produits sont offerts dans plus de 80 pays.<\/p>\n<p>Otsuka Canada Pharmaceutique (OCP) est une entreprise de soins de sant\u00e9 novatrice qui affiche une forte croissance. Elle commercialise les m\u00e9dicaments d\u2019Otsuka au Canada, surtout des produits <span>en neurosciences et en n\u00e9phrologie.<\/span>\u00a0OCP s\u2019est engag\u00e9e \u00e0 am\u00e9liorer la sant\u00e9 des patients et la qualit\u00e9 de vie humaine. OCP fait partie du Groupe Otsuka, et a \u00e9tabli son si\u00e8ge social \u00e0 Saint-Laurent, au Qu\u00e9bec, en 2010.<\/p>\n<\/div><\/div>\n<\/div>\n<\/div>\n<\/div>","protected":false},"excerpt":{"rendered":"","protected":false},"author":5,"featured_media":0,"parent":0,"menu_order":0,"comment_status":"closed","ping_status":"closed","template":"","meta":{"_acf_changed":false,"footnotes":""},"class_list":["post-747","page","type-page","status-publish","hentry"],"acf":[],"_links":{"self":[{"href":"https:\/\/otsukacanada.com\/fr\/wp-json\/wp\/v2\/pages\/747","targetHints":{"allow":["GET"]}}],"collection":[{"href":"https:\/\/otsukacanada.com\/fr\/wp-json\/wp\/v2\/pages"}],"about":[{"href":"https:\/\/otsukacanada.com\/fr\/wp-json\/wp\/v2\/types\/page"}],"author":[{"embeddable":true,"href":"https:\/\/otsukacanada.com\/fr\/wp-json\/wp\/v2\/users\/5"}],"replies":[{"embeddable":true,"href":"https:\/\/otsukacanada.com\/fr\/wp-json\/wp\/v2\/comments?post=747"}],"version-history":[{"count":12,"href":"https:\/\/otsukacanada.com\/fr\/wp-json\/wp\/v2\/pages\/747\/revisions"}],"predecessor-version":[{"id":4220,"href":"https:\/\/otsukacanada.com\/fr\/wp-json\/wp\/v2\/pages\/747\/revisions\/4220"}],"wp:attachment":[{"href":"https:\/\/otsukacanada.com\/fr\/wp-json\/wp\/v2\/media?parent=747"}],"curies":[{"name":"wp","href":"https:\/\/api.w.org\/{rel}","templated":true}]}}