{"id":755,"date":"2018-09-22T15:11:45","date_gmt":"2018-09-22T15:11:45","guid":{"rendered":"http:\/\/otsukacanada.com\/?page_id=755"},"modified":"2026-02-03T19:29:43","modified_gmt":"2026-02-03T19:29:43","slug":"notre-culture","status":"publish","type":"page","link":"https:\/\/otsukacanada.com\/fr\/notre-culture\/","title":{"rendered":"Notre Culture"},"content":{"rendered":"<div class=\"et_pb_section_0 et_pb_section et_pb_fullwidth_section et_section_regular et_block_section\">\n<section class=\"et_pb_fullwidth_header_0 et_pb_fullwidth_header et_pb_bg_layout_dark et_pb_text_align_left et_pb_module et_flex_module\"><div class=\"et_pb_fullwidth_header_container left\"><div class=\"header-content-container center\"><div class=\"header-content et_flex_module\"><h1 class=\"et_pb_module_header\">Notre Culture<\/h1><div class=\"et_pb_header_button_wrapper\"><\/div><\/div><\/div><\/div><div class=\"et_pb_fullwidth_header_overlay\"><\/div><div class=\"et_pb_fullwidth_header_scroll\"><\/div><\/section>\n<\/div>\n\n<div class=\"et_pb_section_1 et_pb_section et_section_regular et_block_section\">\n<div class=\"et_pb_row_0 et_pb_row et_block_row\">\n<div class=\"et_pb_column_0 et_pb_column et_pb_column_1_2 et_block_column et_pb_css_mix_blend_mode_passthrough\">\n<div class=\"et_pb_text_0 et_pb_text et_pb_bg_layout_light et_pb_module et_block_module\"><div class=\"et_pb_text_inner\"><h1>Chez Otsuka, la culture d\u2019entreprise et l\u2019esprit d\u2019innovation marquent notre histoire et constituent notre atout concurrentiel.<\/h1>\n<\/div><\/div>\n<\/div>\n\n<div class=\"et_pb_column_1 et_pb_column et_pb_column_1_2 et-last-child et_block_column et_pb_css_mix_blend_mode_passthrough\">\n<div class=\"et_pb_image_0 et_pb_image et_pb_image_sticky et_pb_module et_block_module\"><span class=\"et_pb_image_wrap\"><img loading=\"lazy\" decoding=\"async\" src=\"https:\/\/otsukacanada.com\/wp-content\/uploads\/2018\/08\/floatingStonesShape.png\" width=\"836\" height=\"625\" srcset=\"https:\/\/otsukacanada.com\/wp-content\/uploads\/2018\/08\/floatingStonesShape.png 836w, https:\/\/otsukacanada.com\/wp-content\/uploads\/2018\/08\/floatingStonesShape-300x224.png 300w, https:\/\/otsukacanada.com\/wp-content\/uploads\/2018\/08\/floatingStonesShape-768x574.png 768w, https:\/\/otsukacanada.com\/wp-content\/uploads\/2018\/08\/floatingStonesShape-510x382.png 510w\" sizes=\"(max-width: 836px) 100vw, 836px\" class=\"wp-image-133\" \/><\/span><\/div>\n<\/div>\n<\/div>\n<\/div>\n\n<div class=\"et_pb_section_2 et_pb_section et_section_regular et_block_section\">\n<div class=\"et_pb_row_1 et_pb_row et_block_row\">\n<div class=\"et_pb_column_2 et_pb_column et_pb_column_4_4 et-last-child et_block_column et_pb_css_mix_blend_mode_passthrough\">\n<div class=\"et_pb_text_1 et_pb_text et_pb_bg_layout_light et_pb_module et_block_module\"><div class=\"et_pb_text_inner\"><p>Les employ\u00e9s d\u2019Otsuka sont anim\u00e9s d\u2019une passion unique et du d\u00e9sir profond d\u2019am\u00e9liorer la sant\u00e9 et la qualit\u00e9 de vie humaine partout dans le monde. Or, l\u2019atteinte de cet ambitieux objectif repr\u00e9sente bien plus qu\u2019un simple travail \u2013 il s\u2019agit d\u2019un r\u00eave. Et chez Otsuka, nous comprenons ce qu\u2019il faut faire pour le concr\u00e9tiser. La pers\u00e9v\u00e9rance est gage de succ\u00e8s. Il faut aussi s\u2019engager hors des sentiers battus pour venir \u00e0 bout des probl\u00e8mes de nos clients et de nos collectivit\u00e9s. Gr\u00e2ce \u00e0 une mentalit\u00e9 peu conventionnelle, nous avons r\u00e9ussi et continuerons \u00e0 tenir notre promesse de cr\u00e9er de nouveaux et meilleurs produits et solutions de soins de sant\u00e9.<\/p>\n<p>Nous sommes \u00e0 l\u2019\u00e9coute et apprenons de nos partenaires, de nos clients et de nos coll\u00e8gues. Nous abordons et remettons en question les enjeux importants dans un climat de respect, afin de cibler nos \u00e9nergies aux bons endroits.<\/p>\n<p>Chez Otsuka, la cr\u00e9ativit\u00e9 est un mode de vie, et notre culture unique constitue notre source d\u2019inspiration.<\/p>\n<\/div><\/div>\n<\/div>\n<\/div>\n<\/div>","protected":false},"excerpt":{"rendered":"","protected":false},"author":5,"featured_media":0,"parent":0,"menu_order":0,"comment_status":"closed","ping_status":"closed","template":"","meta":{"_acf_changed":false,"footnotes":""},"class_list":["post-755","page","type-page","status-publish","hentry"],"acf":[],"_links":{"self":[{"href":"https:\/\/otsukacanada.com\/fr\/wp-json\/wp\/v2\/pages\/755","targetHints":{"allow":["GET"]}}],"collection":[{"href":"https:\/\/otsukacanada.com\/fr\/wp-json\/wp\/v2\/pages"}],"about":[{"href":"https:\/\/otsukacanada.com\/fr\/wp-json\/wp\/v2\/types\/page"}],"author":[{"embeddable":true,"href":"https:\/\/otsukacanada.com\/fr\/wp-json\/wp\/v2\/users\/5"}],"replies":[{"embeddable":true,"href":"https:\/\/otsukacanada.com\/fr\/wp-json\/wp\/v2\/comments?post=755"}],"version-history":[{"count":10,"href":"https:\/\/otsukacanada.com\/fr\/wp-json\/wp\/v2\/pages\/755\/revisions"}],"predecessor-version":[{"id":4226,"href":"https:\/\/otsukacanada.com\/fr\/wp-json\/wp\/v2\/pages\/755\/revisions\/4226"}],"wp:attachment":[{"href":"https:\/\/otsukacanada.com\/fr\/wp-json\/wp\/v2\/media?parent=755"}],"curies":[{"name":"wp","href":"https:\/\/api.w.org\/{rel}","templated":true}]}}