{"id":758,"date":"2018-09-22T15:14:11","date_gmt":"2018-09-22T15:14:11","guid":{"rendered":"http:\/\/otsukacanada.com\/?page_id=758"},"modified":"2026-02-03T19:29:02","modified_gmt":"2026-02-03T19:29:02","slug":"notre-histoire","status":"publish","type":"page","link":"https:\/\/otsukacanada.com\/fr\/notre-histoire\/","title":{"rendered":"Notre histoire"},"content":{"rendered":"<div class=\"et_pb_section_0 et_pb_section et_pb_fullwidth_section et_section_regular et_block_section\">\n<section class=\"et_pb_fullwidth_header_0 et_pb_fullwidth_header et_pb_bg_layout_dark et_pb_text_align_left et_pb_module et_flex_module\"><div class=\"et_pb_fullwidth_header_container left\"><div class=\"header-content-container center\"><div class=\"header-content et_flex_module\"><h1 class=\"et_pb_module_header\">Notre histoire<\/h1><div class=\"et_pb_header_button_wrapper\"><\/div><\/div><\/div><\/div><div class=\"et_pb_fullwidth_header_overlay\"><\/div><div class=\"et_pb_fullwidth_header_scroll\"><\/div><\/section>\n<\/div>\n\n<div class=\"et_pb_section_1 et_pb_section et_section_regular et_block_section\">\n<div class=\"et_pb_row_0 et_pb_row et_block_row\">\n<div class=\"et_pb_column_0 et_pb_column et_pb_column_1_2 et_block_column et_pb_css_mix_blend_mode_passthrough\">\n<div class=\"et_pb_text_0 et_pb_text et_pb_bg_layout_light et_pb_module et_block_module\"><div class=\"et_pb_text_inner\"><h1>Otsuka Pharmaceutique a \u00e9t\u00e9 fond\u00e9e en 1964, au Japon.<\/h1>\n<h3>Otsuka pr\u00f4ne une approche globale en mati\u00e8re de sant\u00e9 et de bien-\u00eatre et s\u2019efforce de mettre au point des produits pharmaceutiques et nutraceutiques novateurs et enti\u00e8rement originaux, s\u2019inspirant de sa philosophie d\u2019entreprise: Otsuka \u2013 Nous cr\u00e9ons de nouveaux produits pour am\u00e9liorer la sant\u00e9 dans le monde.<\/h3>\n<\/div><\/div>\n<\/div>\n\n<div class=\"et_pb_column_1 et_pb_column et_pb_column_1_2 et-last-child et_block_column et_pb_css_mix_blend_mode_passthrough\">\n<div class=\"et_pb_image_0 et_pb_image et_pb_image_sticky et_pb_module et_block_module\"><span class=\"et_pb_image_wrap\"><img loading=\"lazy\" decoding=\"async\" src=\"https:\/\/otsukacanada.com\/wp-content\/uploads\/2018\/08\/Sequence-01.Still003.png\" width=\"300\" height=\"285\" srcset=\"https:\/\/otsukacanada.com\/wp-content\/uploads\/2018\/08\/Sequence-01.Still003.png 300w\" sizes=\"(max-width: 300px) 100vw, 300px\" class=\"wp-image-109\" \/><\/span><\/div>\n<\/div>\n<\/div>\n<\/div>","protected":false},"excerpt":{"rendered":"","protected":false},"author":5,"featured_media":0,"parent":0,"menu_order":0,"comment_status":"closed","ping_status":"closed","template":"","meta":{"_acf_changed":false,"footnotes":""},"class_list":["post-758","page","type-page","status-publish","hentry"],"acf":[],"_links":{"self":[{"href":"https:\/\/otsukacanada.com\/fr\/wp-json\/wp\/v2\/pages\/758","targetHints":{"allow":["GET"]}}],"collection":[{"href":"https:\/\/otsukacanada.com\/fr\/wp-json\/wp\/v2\/pages"}],"about":[{"href":"https:\/\/otsukacanada.com\/fr\/wp-json\/wp\/v2\/types\/page"}],"author":[{"embeddable":true,"href":"https:\/\/otsukacanada.com\/fr\/wp-json\/wp\/v2\/users\/5"}],"replies":[{"embeddable":true,"href":"https:\/\/otsukacanada.com\/fr\/wp-json\/wp\/v2\/comments?post=758"}],"version-history":[{"count":8,"href":"https:\/\/otsukacanada.com\/fr\/wp-json\/wp\/v2\/pages\/758\/revisions"}],"predecessor-version":[{"id":4224,"href":"https:\/\/otsukacanada.com\/fr\/wp-json\/wp\/v2\/pages\/758\/revisions\/4224"}],"wp:attachment":[{"href":"https:\/\/otsukacanada.com\/fr\/wp-json\/wp\/v2\/media?parent=758"}],"curies":[{"name":"wp","href":"https:\/\/api.w.org\/{rel}","templated":true}]}}