{"id":776,"date":"2018-09-22T15:55:30","date_gmt":"2018-09-22T15:55:30","guid":{"rendered":"http:\/\/otsukacanada.com\/?page_id=776"},"modified":"2025-11-28T17:57:34","modified_gmt":"2025-11-28T17:57:34","slug":"avis","status":"publish","type":"page","link":"https:\/\/otsukacanada.com\/fr\/avis\/","title":{"rendered":"Avis"},"content":{"rendered":"<div class=\"et_pb_section_0 et_pb_section et_section_regular et_block_section\"><div class=\"et_pb_row_0 et_pb_row et_block_row\"><div class=\"et_pb_column_0 et_pb_column et_pb_column_4_4 et-last-child et_block_column et_pb_css_mix_blend_mode_passthrough\"><div class=\"et_pb_text_0 et_pb_text et_pb_bg_layout_light et_pb_module et_flex_module\"><div class=\"et_pb_text_inner\"><h1>Avis concernant des sollicitations frauduleuses en lien avec des investissements, des offres de recrutement et des occasions d\u2019affaires<\/h1>\n<\/div><\/div><\/div><\/div><div class=\"et_pb_row_1 et_pb_row et_block_row\"><div class=\"et_pb_column_1 et_pb_column et_pb_column_4_4 et-last-child et_block_column et_pb_css_mix_blend_mode_passthrough\"><div class=\"et_pb_text_1 et_pb_text et_pb_bg_layout_light et_pb_module et_flex_module\"><div class=\"et_pb_text_inner\"><p>Otsuka Holdings Co., Ltd. a \u00e9t\u00e9 inform\u00e9e que des personnes pr\u00e9tendant \u00eatre des employ\u00e9s du groupe Otsuka ou des membres de soci\u00e9t\u00e9s d\u2019investissements proposent des partenariats d\u2019affaires ou sollicitent des investissements pour la construction d\u2019usines, de centres de recherche ou de centre de soins au nom du groupe Otsuka. Sachez qu\u2019Otsuka n\u2019a aucunement l\u2019intention d\u2019\u00e9mettre des obligations ni de lancer un appel public \u00e0 l\u2019investissement pour la construction de telles installations. Otsuka n\u2019est li\u00e9e d\u2019aucune fa\u00e7on \u00e0 ces sollicitations frauduleuses. Nous vous demandons donc de vous m\u00e9fier si une personne se pr\u00e9sentant comme un employ\u00e9 de notre groupe ou d\u2019une firme d\u2019investissement communique avec vous pour vous proposer un partenariat d\u2019affaires ou vous demander d\u2019investir dans nos installations ou dans un projet similaire.<\/p>\n<p>Si vous recevez un courriel ou un appel suspect, veuillez communiquer avec les autorit\u00e9s comp\u00e9tentes locales pour obtenir des conseils.<\/p>\n<p>Otsuka et ses filiales ont \u00e9galement eu vent de cas o\u00f9 des membres du public ont re\u00e7u des courriels, des messages via les m\u00e9dias sociaux ou des appels d\u2019une personne qui pr\u00e9tend \u00eatre un repr\u00e9sentant des Ressources humaines d\u2019Otsuka Pharmaceutique et qui demande des renseignements personnels en lien avec une offre de recrutement pour mener des activit\u00e9s pour le compte d\u2019Otsuka ou encore qui propose une occasion d\u2019affaires. Si vous recevez un courriel, un message par les m\u00e9dias sociaux ou un appel qui vous para\u00eet suspect, veuillez communiquer avec la filiale d\u2019Otsuka de votre r\u00e9gion.<\/p>\n<p>Au Canada, veuillez envoyer un message au OCPI-InfoSecurity@otsuka-ca.com<\/p>\n<p>Ces incidents doivent \u00eatre signal\u00e9s au Centre antifraude du Canada (CAFC) par t\u00e9l\u00e9phone ou en <\/p>\n<p>ligne :No de t\u00e9l. : 1-888-495-8501 [SERVICE PHONEBUSTERS]<\/p>\n<p>En ligne : Centre antifraude du Canada www.antifraudcentre-centreantifraude.ca;<\/p>\n<p>Ou \u00e0 la Gendarmerie royale du Canada www.rcmp-grc.gc.ca<\/p>\n<p>Nous vous remercions de votre aide \u00e0 cet \u00e9gard.<\/p>\n<p>Si vous vous trouvez dans un autre pays, veuillez consulter la page suivante :http:\/\/www.otsuka.co.jp\/en\/company\/group\/index.html<\/p>\n<\/div><\/div><\/div><\/div><\/div>","protected":false},"excerpt":{"rendered":"","protected":false},"author":5,"featured_media":0,"parent":0,"menu_order":0,"comment_status":"closed","ping_status":"closed","template":"","meta":{"_acf_changed":false,"footnotes":""},"class_list":["post-776","page","type-page","status-publish","hentry"],"acf":[],"_links":{"self":[{"href":"https:\/\/otsukacanada.com\/fr\/wp-json\/wp\/v2\/pages\/776","targetHints":{"allow":["GET"]}}],"collection":[{"href":"https:\/\/otsukacanada.com\/fr\/wp-json\/wp\/v2\/pages"}],"about":[{"href":"https:\/\/otsukacanada.com\/fr\/wp-json\/wp\/v2\/types\/page"}],"author":[{"embeddable":true,"href":"https:\/\/otsukacanada.com\/fr\/wp-json\/wp\/v2\/users\/5"}],"replies":[{"embeddable":true,"href":"https:\/\/otsukacanada.com\/fr\/wp-json\/wp\/v2\/comments?post=776"}],"version-history":[{"count":3,"href":"https:\/\/otsukacanada.com\/fr\/wp-json\/wp\/v2\/pages\/776\/revisions"}],"predecessor-version":[{"id":3534,"href":"https:\/\/otsukacanada.com\/fr\/wp-json\/wp\/v2\/pages\/776\/revisions\/3534"}],"wp:attachment":[{"href":"https:\/\/otsukacanada.com\/fr\/wp-json\/wp\/v2\/media?parent=776"}],"curies":[{"name":"wp","href":"https:\/\/api.w.org\/{rel}","templated":true}]}}