{"id":823,"date":"2018-09-24T19:30:08","date_gmt":"2018-09-24T19:30:08","guid":{"rendered":"http:\/\/otsukacanada.com\/?page_id=823"},"modified":"2026-02-03T19:27:41","modified_gmt":"2026-02-03T19:27:41","slug":"home","status":"publish","type":"page","link":"https:\/\/otsukacanada.com\/fr\/home\/","title":{"rendered":"Otsuka Canada"},"content":{"rendered":"<div class=\"et_pb_section_0 et_pb_section et_pb_fullwidth_section et_section_regular et_block_section\">\n<div class=\"et_pb_fullwidth_slider_0 et_pb_slider et_pb_module\"><div class=\"et_pb_slides\">\n<div class=\"et_pb_slide_0 et_pb_slide et_pb_media_alignment_center et_pb_bg_layout_light et_pb_text_align_left\" data-slide-id=\"divi\/slide-0\"><div class=\"et_pb_container\"><div class=\"et_pb_slider_container_inner\"><div class=\"et_pb_slide_description\"><div class=\"et_pb_slide_content\"><h1>Nous incitons nos employ\u00e9s \u00e0 r\u00eaver<\/h1>\n<p>Puis, nous leur donnons la libert\u00e9 de poursuivre leurs r\u00eaves.<\/p>\n<\/div><\/div><\/div><\/div><\/div>\n\n<div class=\"et_pb_slide_1 et_pb_slide et_pb_media_alignment_center et_pb_bg_layout_dark et_pb_text_align_left\" data-slide-id=\"divi\/slide-1\"><div class=\"et_pb_container\"><div class=\"et_pb_slider_container_inner\"><div class=\"et_pb_slide_description\"><div class=\"et_pb_slide_content\"><h1>OCP<\/h1>\n<p>Nous cr\u00e9ons des produits innovateurs pour le monde entier<\/p>\n<\/div><\/div><\/div><\/div><\/div>\n<\/div><\/div>\n<\/div>\n\n<div class=\"et_pb_section_1 et_pb_section et_section_regular et_block_section\">\n<div class=\"et_pb_row_0 et_pb_row et_block_row\">\n<div class=\"et_pb_column_0 et_pb_column et_pb_column_1_2 et_block_column et_pb_css_mix_blend_mode_passthrough\">\n<div class=\"et_pb_text_0 et_pb_text et_pb_bg_layout_light et_pb_module et_block_module\"><div class=\"et_pb_text_inner\"><h1>Nos produits<\/h1>\n<p>Otsuka Canada Pharmaceutique (OCP) est une entreprise de soins de sant\u00e9 novatrice et en pleine croissance qui commercialise les m\u00e9dicaments d\u2019Otsuka au Canada; elle concentre ses activit\u00e9s dans les domaines des neurosciences et n\u00e9phrologie. OCP s\u2019engage \u00e0 am\u00e9liorer la sant\u00e9 des patients et la qualit\u00e9 de vie humaine.<\/p>\n<\/div><\/div>\n\n<div class=\"et_pb_text_1 et_pb_text et_pb_bg_layout_light et_pb_module et_block_module custom-button\"><div class=\"et_pb_text_inner\"><p><a href=\"\/product_monographs\/ABILIFY-FR-PM.pdf\" target=\"blank\" rel=\"noopener noreferrer\"><sup>Pr<\/sup>ABILIFY<span class=\"my-sup\">MD<\/span> (aripiprazole) <\/a><\/p>\n<\/div><\/div>\n\n<div class=\"et_pb_text_2 et_pb_text et_pb_bg_layout_light et_pb_module et_block_module custom-button\"><div class=\"et_pb_text_inner\"><p><a href=\"https:\/\/abilifyasimtufiimonographie.ca\/\" target=\"blank\" rel=\"noopener noreferrer\"><sup>Pr<\/sup>ABILIFY ASIMTUFII<span class=\"my-sup\">MD<\/span> (aripiprazole) <\/a><\/p>\n<\/div><\/div>\n\n<div class=\"et_pb_text_3 et_pb_text et_pb_bg_layout_light et_clickable et_pb_module et_block_module custom-button\"><div class=\"et_pb_text_inner\"><p><sup>Pr<\/sup>ABILIFY MAINTENA<span class=\"my-sup\">MD<\/span> (aripiprazole)<\/p>\n<\/div><\/div>\n\n<div class=\"et_pb_text_4 et_pb_text et_pb_bg_layout_light et_pb_module et_block_module custom-button\"><div class=\"et_pb_text_inner\"><p><a href=\"https:\/\/jinarcmonographie.ca\/\" target=\"blank\" rel=\"noopener noreferrer\"><sup>Pr<\/sup>JINARC<span class=\"my-sup\">MD<\/span> (tolvaptan) <\/a><\/p>\n<\/div><\/div>\n\n<div class=\"et_pb_text_5 et_pb_text et_pb_bg_layout_light et_clickable et_pb_module et_block_module custom-button\"><div class=\"et_pb_text_inner\"><p><sup>Pr<\/sup>KORSUVA<sup>MD<\/sup> <span>(dif\u00e9lik\u00e9faline pour injection)<\/span><\/p>\n<\/div><\/div>\n\n<div class=\"et_pb_text_6 et_pb_text et_pb_bg_layout_light et_pb_module et_block_module custom-button\"><div class=\"et_pb_text_inner\"><p><a href=\"https:\/\/rexultimonographie.ca\" target=\"blank\" rel=\"noopener noreferrer\"><sup>Pr<\/sup>REXULTI<span class=\"my-sup\">MC<\/span> (brexpiprazole) <\/a><\/p>\n<\/div><\/div>\n\n<div class=\"et_pb_text_7 et_pb_text et_pb_bg_layout_light et_pb_module et_block_module custom-button\"><div class=\"et_pb_text_inner\"><p><a href=\"https:\/\/otsukacanada.com\/product_monographs\/SAMSCA_FR.pdf\" target=\"blank\" rel=\"noopener noreferrer\"><sup>Pr<\/sup>SAMSCA<span class=\"my-sup\">MD<\/span> (tolvaptan) <\/a><\/p>\n<\/div><\/div>\n\n<div class=\"et_pb_text_8 et_pb_text et_pb_bg_layout_light et_pb_module et_block_module custom-button\"><div class=\"et_pb_text_inner\"><p><a href=\"https:\/\/otsukacanada.com\/product_monographs\/TAVNEOS_FR_PM.pdf\" target=\"blank\" rel=\"noopener noreferrer\"><sup>Pr<\/sup>TAVNEOS<span class=\"my-sup\">MD<\/span> (avacopan) <\/a><\/p>\n<\/div><\/div>\n\n<div class=\"et_pb_text_9 et_pb_text et_pb_bg_layout_light et_pb_module et_block_module custom-button\"><div class=\"et_pb_text_inner\"><p><a href=\"\/product_monographs\/VELPHORO_PM_FR.pdf\" target=\"blank\" rel=\"noopener noreferrer\"><sup>Pr<\/sup>Velphoro<span class=\"my-sup\">MD<\/span> (oxyhyroxyde sucro-ferrique) <\/a><\/p>\n<\/div><\/div>\n\n<div class=\"et_pb_text_10 et_pb_text et_pb_bg_layout_light et_pb_module et_block_module custom-button\"><div class=\"et_pb_text_inner\"><p><a href=\"\/wp-content\/uploads\/2019\/12\/Veltassa_PM_FR.pdf\" target=\"blank\" rel=\"noopener noreferrer\"><sup>Pr<\/sup>Veltassa<span class=\"my-sup\">MD<\/span> (patiromer) <\/a><\/p>\n<\/div><\/div>\n<\/div>\n\n<div class=\"et_pb_column_1 et_pb_column et_pb_column_1_2 et-last-child et_block_column et_pb_css_mix_blend_mode_passthrough\">\n<div class=\"et_pb_text_11 et_pb_text et_pb_bg_layout_light et_pb_module et_block_module\"><div class=\"et_pb_text_inner\"><h1>Carri\u00e8res<\/h1>\n<h5><strong>Commencez une nouvelle histoire chez Otsuka<\/strong><\/h5>\n<p>Venez travailler avec une \u00e9quipe qui n\u2019a pas peur de relever les d\u00e9fis et de remettre en question les pratiques habituelles. Une telle approche peut mener \u00e0 des id\u00e9es novatrices et \u00e0 des r\u00e9sultats exceptionnels.<\/p>\n<p>Nous voulons attirer les meilleurs candidats et partenaires de leur domaine. Apr\u00e8s tout, il est primordial de constituer la meilleure \u00e9quipe possible.<\/p>\n<p>Nous incitons nos employ\u00e9s \u00e0 r\u00eaver. Puis, nous leur donnons la libert\u00e9 de poursuivre leurs r\u00eaves.<\/p>\n<h5><strong>De quoi votre histoire sera-t-elle faite?<\/strong><\/h5>\n<\/div><\/div>\n\n<div class=\"et_pb_module et_pb_button_module_wrapper et_pb_button_0_wrapper\"><a class=\"et_pb_button_0 et_pb_button et_pb_bg_layout_dark et_pb_module et_block_module\" href=\"\/fr\/carrieres\/\">CONSULTER LES POSTES OFFERTS<\/a><\/div>\n\n<div class=\"et_pb_text_12 et_pb_text et_pb_bg_layout_light et_clickable et_pb_module et_block_module\"><div class=\"et_pb_text_inner\"><h2>Actualit\u00e9s<\/h2>\n<h5>Le 24 janvier 2024<\/h5>\n<p><strong>Sant\u00e9 Canada approuve REXULTI<sup>MD<\/sup> (brexpiprazole), un m\u00e9dicament d\u2019Otsuka et de Lundbeck, pour le traitement symptomatique de l\u2019agitation associ\u00e9e \u00e0 la d\u00e9mence d\u2019Alzheimer<br \/>\n<\/strong><\/p>\n<p>Montr\u00e9al, Canada, le 24 janvier 2024 \u2013 Otsuka Canada Pharmaceutique (Otsuka) et Lundbeck Canada Inc. (Lundbeck) annoncent que Sant\u00e9 Canada a \u00e9mis un avis de conformit\u00e9 visant l\u2019emploi de REXULTI<sup>MD<\/sup> (brexpiprazole) pour le traitement symptomatique de l\u2019agitation associ\u00e9e \u00e0 la d\u00e9mence d\u2019Alzheimer chez les patients affichant un comportement agressif et qui ne r\u00e9pondent pas aux interventions non pharmacologiques.<\/p>\n<p>L\u2019homologation repose sur les donn\u00e9es de trois \u00e9tudes de phase III contr\u00f4l\u00e9es par placebo (dont deux \u00e0 dose fixe et une \u00e0 dose variable), \u00e0 r\u00e9partition al\u00e9atoire et \u00e0 double insu de 12 semaines, lesquelles ont permis d\u2019\u00e9valuer la fr\u00e9quence des sympt\u00f4mes d\u2019agitation associ\u00e9s \u00e0 la d\u00e9mence d\u2019Alzheimer au moyen de l\u2019\u00e9chelle CMAI (Cohen-Mansfield Agitation Inventory). Les \u00e9tudes avaient toutes trois pour param\u00e8tre d\u2019\u00e9valuation principal la variation de la fr\u00e9quence des sympt\u00f4mes d\u2019agitation (d\u2019apr\u00e8s le score total \u00e0 l\u2019\u00e9chelle CMAI) entre le d\u00e9but et la 12e semaine.<\/p>\n<p>&nbsp;<\/p>\n<h4>En savoir plus<\/h4>\n<\/div><\/div>\n<\/div>\n<\/div>\n<\/div>\n\n<div class=\"et_pb_section_2 et_pb_section et_section_regular et_block_section\">\n<div class=\"et_pb_row_1 et_pb_row et_pb_row_6col et_pb_gutters2 et_block_row et_block_row_6col\">\n<div class=\"et_pb_column_2 et_pb_column et_pb_column_1_6 et_block_column et_pb_css_mix_blend_mode_passthrough\">\n<div class=\"et_pb_image_0 et_pb_image et_pb_module et_block_module\"><span class=\"et_pb_image_wrap\"><img loading=\"lazy\" decoding=\"async\" src=\"https:\/\/otsukacanada.com\/wp-content\/uploads\/2018\/09\/apropos.png\" width=\"149\" height=\"157\" srcset=\"https:\/\/otsukacanada.com\/wp-content\/uploads\/2018\/09\/apropos.png 149w\" sizes=\"(max-width: 149px) 100vw, 149px\" class=\"wp-image-888\" \/><\/span><\/div>\n<\/div>\n\n<div class=\"et_pb_column_3 et_pb_column et_pb_column_1_6 et_block_column et_pb_css_mix_blend_mode_passthrough\">\n<div class=\"et_pb_blurb_0 et_pb_blurb et_pb_bg_layout_light et_pb_blurb_position_top et_pb_module et_block_module\"><div class=\"et_pb_blurb_content\"><div class=\"et_pb_main_blurb_image\"><span class=\"et_pb_image_wrap et_pb_only_image_mode_wrap\"><img loading=\"lazy\" decoding=\"async\" src=\"https:\/\/otsukacanada.com\/wp-content\/uploads\/2018\/08\/whoWeare.png\" width=\"150\" height=\"150\" srcset=\"https:\/\/otsukacanada.com\/wp-content\/uploads\/2018\/08\/whoWeare.png 150w\" sizes=\"(max-width: 150px) 100vw, 150px\" class=\"et-waypoint et_pb_animation_off et_pb_animation_off_tablet et_pb_animation_off_phone wp-image-174\" \/><\/span><\/div><div class=\"et_pb_blurb_container\"><h6 class=\"et_pb_module_header\">Qui nous sommes<\/h6><div class=\"et_pb_blurb_description\"><p>Otsuka Canada Pharmaceutique (OCP) s\u2019engage \u00e0 am\u00e9liorer la sant\u00e9 des patients et la qualit\u00e9 de vie humaine.<\/p>\n<\/div><\/div><\/div><\/div>\n<\/div>\n\n<div class=\"et_pb_column_4 et_pb_column et_pb_column_1_6 et_block_column et_pb_css_mix_blend_mode_passthrough\">\n<div class=\"et_pb_blurb_1 et_pb_blurb et_pb_bg_layout_light et_pb_blurb_position_top et_pb_module et_block_module\"><div class=\"et_pb_blurb_content\"><div class=\"et_pb_main_blurb_image\"><span class=\"et_pb_image_wrap et_pb_only_image_mode_wrap\"><img loading=\"lazy\" decoding=\"async\" src=\"https:\/\/otsukacanada.com\/wp-content\/uploads\/2018\/09\/tomatoPlant.png\" width=\"150\" height=\"150\" srcset=\"https:\/\/otsukacanada.com\/wp-content\/uploads\/2018\/09\/tomatoPlant.png 150w\" sizes=\"(max-width: 150px) 100vw, 150px\" class=\"et-waypoint et_pb_animation_off et_pb_animation_off_tablet et_pb_animation_off_phone wp-image-226\" \/><\/span><\/div><div class=\"et_pb_blurb_container\"><h6 class=\"et_pb_module_header\">Notre culture<\/h6><div class=\"et_pb_blurb_description\"><p>La culture d\u2019Otsuka et notre approche de grande entreprise sont pr\u00e9sentes au quotidien et constituent notre avantage concurrentiel.<\/p>\n<\/div><\/div><\/div><\/div>\n<\/div>\n\n<div class=\"et_pb_column_5 et_pb_column et_pb_column_1_6 et_block_column et_pb_css_mix_blend_mode_passthrough\">\n<div class=\"et_pb_blurb_2 et_pb_blurb et_pb_bg_layout_light et_pb_blurb_position_top et_pb_module et_block_module\"><div class=\"et_pb_blurb_content\"><div class=\"et_pb_main_blurb_image\"><span class=\"et_pb_image_wrap et_pb_only_image_mode_wrap\"><img loading=\"lazy\" decoding=\"async\" src=\"https:\/\/otsukacanada.com\/wp-content\/uploads\/2018\/09\/Fuji.png\" width=\"150\" height=\"150\" srcset=\"https:\/\/otsukacanada.com\/wp-content\/uploads\/2018\/09\/Fuji.png 150w\" sizes=\"(max-width: 150px) 100vw, 150px\" class=\"et-waypoint et_pb_animation_off et_pb_animation_off_tablet et_pb_animation_off_phone wp-image-225\" \/><\/span><\/div><div class=\"et_pb_blurb_container\"><h6 class=\"et_pb_module_header\">Notre histoire<\/h6><div class=\"et_pb_blurb_description\"><p>Depuis 1921, nous incitons nos employ\u00e9s \u00e0 cultiver leur curiosit\u00e9, leur cr\u00e9ativit\u00e9 et la pers\u00e9v\u00e9rance afin d\u2019offrir nos produits de soins de sant\u00e9 aux patients du monde entier.<\/p>\n<\/div><\/div><\/div><\/div>\n<\/div>\n\n<div class=\"et_pb_column_6 et_pb_column et_pb_column_1_6 et_block_column et_pb_css_mix_blend_mode_passthrough\">\n<div class=\"et_pb_blurb_3 et_pb_blurb et_pb_bg_layout_light et_pb_blurb_position_top et_pb_module et_block_module\"><div class=\"et_pb_blurb_content\"><div class=\"et_pb_main_blurb_image\"><span class=\"et_pb_image_wrap et_pb_only_image_mode_wrap\"><img loading=\"lazy\" decoding=\"async\" src=\"https:\/\/otsukacanada.com\/wp-content\/uploads\/2018\/09\/community.png\" width=\"150\" height=\"150\" srcset=\"https:\/\/otsukacanada.com\/wp-content\/uploads\/2018\/09\/community.png 150w\" sizes=\"(max-width: 150px) 100vw, 150px\" class=\"et-waypoint et_pb_animation_off et_pb_animation_off_tablet et_pb_animation_off_phone wp-image-223\" \/><\/span><\/div><div class=\"et_pb_blurb_container\"><h6 class=\"et_pb_module_header\">Soutien \u00e0 la collectivit\u00e9<\/h6><div class=\"et_pb_blurb_description\"><p>Apprenez-en plus sur le soutien offert par OCP dans le domaine de la formation m\u00e9dicale et sur son engagement dans la collectivit\u00e9.<\/p>\n<\/div><\/div><\/div><\/div>\n<\/div>\n\n<div class=\"et_pb_column_7 et_pb_column et_pb_column_1_6 et-last-child et_block_column et_pb_css_mix_blend_mode_passthrough\">\n<div class=\"et_pb_blurb_4 et_pb_blurb et_pb_bg_layout_light et_pb_blurb_position_top et_pb_module et_block_module\"><div class=\"et_pb_blurb_content\"><div class=\"et_pb_main_blurb_image\"><span class=\"et_pb_image_wrap et_pb_only_image_mode_wrap\"><img loading=\"lazy\" decoding=\"async\" src=\"https:\/\/otsukacanada.com\/wp-content\/uploads\/2018\/09\/map.png\" width=\"150\" height=\"150\" srcset=\"https:\/\/otsukacanada.com\/wp-content\/uploads\/2018\/09\/map.png 150w\" sizes=\"(max-width: 150px) 100vw, 150px\" class=\"et-waypoint et_pb_animation_off et_pb_animation_off_tablet et_pb_animation_off_phone wp-image-224\" \/><\/span><\/div><div class=\"et_pb_blurb_container\"><h6 class=\"et_pb_module_header\">Emplacement<\/h6><div class=\"et_pb_blurb_description\"><p>Le si\u00e8ge social d\u2019OCP est situ\u00e9 dans le Technoparc Montr\u00e9al, \u00e0 Saint-Laurent, au Qu\u00e9bec.<\/p>\n<\/div><\/div><\/div><\/div>\n<\/div>\n<\/div>\n<\/div>","protected":false},"excerpt":{"rendered":"","protected":false},"author":5,"featured_media":0,"parent":0,"menu_order":0,"comment_status":"closed","ping_status":"closed","template":"","meta":{"_acf_changed":false,"footnotes":""},"class_list":["post-823","page","type-page","status-publish","hentry"],"acf":[],"_links":{"self":[{"href":"https:\/\/otsukacanada.com\/fr\/wp-json\/wp\/v2\/pages\/823","targetHints":{"allow":["GET"]}}],"collection":[{"href":"https:\/\/otsukacanada.com\/fr\/wp-json\/wp\/v2\/pages"}],"about":[{"href":"https:\/\/otsukacanada.com\/fr\/wp-json\/wp\/v2\/types\/page"}],"author":[{"embeddable":true,"href":"https:\/\/otsukacanada.com\/fr\/wp-json\/wp\/v2\/users\/5"}],"replies":[{"embeddable":true,"href":"https:\/\/otsukacanada.com\/fr\/wp-json\/wp\/v2\/comments?post=823"}],"version-history":[{"count":114,"href":"https:\/\/otsukacanada.com\/fr\/wp-json\/wp\/v2\/pages\/823\/revisions"}],"predecessor-version":[{"id":4218,"href":"https:\/\/otsukacanada.com\/fr\/wp-json\/wp\/v2\/pages\/823\/revisions\/4218"}],"wp:attachment":[{"href":"https:\/\/otsukacanada.com\/fr\/wp-json\/wp\/v2\/media?parent=823"}],"curies":[{"name":"wp","href":"https:\/\/api.w.org\/{rel}","templated":true}]}}