{"id":867,"date":"2018-09-26T18:30:55","date_gmt":"2018-09-26T18:30:55","guid":{"rendered":"http:\/\/otsukacanada.com\/?page_id=867"},"modified":"2026-02-03T19:31:05","modified_gmt":"2026-02-03T19:31:05","slug":"aide-aux-collectivites","status":"publish","type":"page","link":"https:\/\/otsukacanada.com\/fr\/aide-aux-collectivites\/","title":{"rendered":"Aide aux collectivit\u00e9s"},"content":{"rendered":"<div class=\"et_pb_section_0 et_pb_section et_pb_fullwidth_section et_section_regular et_block_section\">\n<section class=\"et_pb_fullwidth_header_0 et_pb_fullwidth_header et_pb_bg_layout_dark et_pb_text_align_left et_pb_module et_flex_module\"><div class=\"et_pb_fullwidth_header_container left\"><div class=\"header-content-container center\"><div class=\"header-content et_flex_module\"><h1 class=\"et_pb_module_header\">Aide aux collectivit\u00e9s<\/h1><div class=\"et_pb_header_button_wrapper\"><\/div><\/div><\/div><\/div><div class=\"et_pb_fullwidth_header_overlay\"><\/div><div class=\"et_pb_fullwidth_header_scroll\"><\/div><\/section>\n<\/div>\n\n<div class=\"et_pb_section_1 et_pb_section et_section_regular et_block_section\">\n<div class=\"et_pb_row_0 et_pb_row et_block_row\">\n<div class=\"et_pb_column_0 et_pb_column et_pb_column_1_2 et_block_column et_pb_css_mix_blend_mode_passthrough\">\n<div class=\"et_pb_text_0 et_pb_text et_pb_bg_layout_light et_pb_module et_block_module\"><div class=\"et_pb_text_inner\"><h1>OCP se consacre au bien des collectivit\u00e9s en appuyant des initiatives locales qui font une v\u00e9ritable diff\u00e9rence.<\/h1>\n<\/div><\/div>\n<\/div>\n\n<div class=\"et_pb_column_1 et_pb_column et_pb_column_1_2 et-last-child et_block_column et_pb_css_mix_blend_mode_passthrough\">\n<div class=\"et_pb_image_0 et_pb_image et_pb_image_sticky et_pb_module et_block_module\"><span class=\"et_pb_image_wrap\"><img loading=\"lazy\" decoding=\"async\" src=\"https:\/\/otsukacanada.com\/wp-content\/uploads\/2018\/09\/pkd-crop.png\" width=\"600\" height=\"440\" srcset=\"https:\/\/otsukacanada.com\/wp-content\/uploads\/2018\/09\/pkd-crop.png 600w, https:\/\/otsukacanada.com\/wp-content\/uploads\/2018\/09\/pkd-crop-300x220.png 300w\" sizes=\"(max-width: 600px) 100vw, 600px\" class=\"wp-image-242\" \/><\/span><\/div>\n<\/div>\n<\/div>\n<\/div>\n\n<div class=\"et_pb_section_2 et_pb_section et_section_regular et_block_section\">\n<div class=\"et_pb_row_1 et_pb_row et_block_row\">\n<div class=\"et_pb_column_2 et_pb_column et_pb_column_4_4 et-last-child et_block_column et_pb_css_mix_blend_mode_passthrough\">\n<div class=\"et_pb_text_1 et_pb_text et_pb_bg_layout_light et_pb_module et_block_module\"><div class=\"et_pb_text_inner\"><p>Le souci des autres est une valeur qui s\u2019inscrit dans la culture d\u2019Otsuka. Nous sommes fermement convaincus de l\u2019importance de redonner \u00e0 la collectivit\u00e9 et avons int\u00e9gr\u00e9 ce principe dans notre tissu organisationnel. Ainsi, les employ\u00e9s d\u2019Otsuka offrent chaque ann\u00e9e une journ\u00e9e de salaire pour travailler b\u00e9n\u00e9volement au service de causes et d\u2019associations caritatives qui leur tiennent \u00e0 c\u0153ur.<\/p>\n<p>Tous ensemble, nous participons \u00e9galement tous les ans \u00e0 la Journ\u00e9e OCP de b\u00e9n\u00e9volat dans la collectivit\u00e9 afin de redonner aux gens et de soutenir les organismes dans le besoin. Nos formidables employ\u00e9s sont toujours pr\u00eats \u00e0 marcher, \u00e0 courir ou \u00e0 s\u2019engager activement dans la collectivit\u00e9, apportant leur soutien \u00e0 toutes sortes de causes humanitaires. Conscients que le plus petit geste de bont\u00e9 peut faire une grande diff\u00e9rence, nos employ\u00e9s sont heureux de faire don de divers articles de soins personnels \u00e0 des refuges pour itin\u00e9rants. Et bien s\u00fbr, comme beaucoup d\u2019autres, nous profitons de la p\u00e9riode des F\u00eates pour effectuer une collecte de cadeaux, dans l\u2019espoir de faire sourire ceux qui ont moins de chance que nous.<\/p>\n<p>Le b\u00e9n\u00e9volat apporte autant \u00e0 ceux qui donnent qu\u2019\u00e0 ceux qui re\u00e7oivent, et la famille Otsuka est ravie de pouvoir donner au suivant.<\/p>\n<\/div><\/div>\n<\/div>\n<\/div>\n<\/div>","protected":false},"excerpt":{"rendered":"","protected":false},"author":5,"featured_media":0,"parent":0,"menu_order":0,"comment_status":"closed","ping_status":"closed","template":"","meta":{"_acf_changed":false,"footnotes":""},"class_list":["post-867","page","type-page","status-publish","hentry"],"acf":[],"_links":{"self":[{"href":"https:\/\/otsukacanada.com\/fr\/wp-json\/wp\/v2\/pages\/867","targetHints":{"allow":["GET"]}}],"collection":[{"href":"https:\/\/otsukacanada.com\/fr\/wp-json\/wp\/v2\/pages"}],"about":[{"href":"https:\/\/otsukacanada.com\/fr\/wp-json\/wp\/v2\/types\/page"}],"author":[{"embeddable":true,"href":"https:\/\/otsukacanada.com\/fr\/wp-json\/wp\/v2\/users\/5"}],"replies":[{"embeddable":true,"href":"https:\/\/otsukacanada.com\/fr\/wp-json\/wp\/v2\/comments?post=867"}],"version-history":[{"count":8,"href":"https:\/\/otsukacanada.com\/fr\/wp-json\/wp\/v2\/pages\/867\/revisions"}],"predecessor-version":[{"id":4231,"href":"https:\/\/otsukacanada.com\/fr\/wp-json\/wp\/v2\/pages\/867\/revisions\/4231"}],"wp:attachment":[{"href":"https:\/\/otsukacanada.com\/fr\/wp-json\/wp\/v2\/media?parent=867"}],"curies":[{"name":"wp","href":"https:\/\/api.w.org\/{rel}","templated":true}]}}